{"id":6756,"date":"2020-11-04T18:26:49","date_gmt":"2020-11-04T18:26:49","guid":{"rendered":"http:\/\/temp.univistainsuranceorlando.com\/?page_id=6756"},"modified":"2020-11-06T15:07:14","modified_gmt":"2020-11-06T15:07:14","slug":"error-page","status":"publish","type":"page","link":"https:\/\/www.univistainsuranceorlando.com\/es\/pagina-error\/","title":{"rendered":"P\u00e1gina de Error"},"content":{"rendered":"<section class=\"wpb-content-wrapper\">[vc_row fullwidth=&#8221;true&#8221; visibility=&#8221;visible-sm&#8221; css=&#8221;.vc_custom_1571685811393{background: #ffffff url(\/wp-content\/uploads\/2019\/10\/back-call-1.png?id=1351) !important;background-position: center !important;background-repeat: no-repeat !important;background-size: cover !important;}&#8221; el_class=&#8221;sticky&#8221;][vc_column css=&#8221;.vc_custom_1570797804053{padding-top: 20px !important;}&#8221;][vc_column_text disable_pattern=&#8221;false&#8221; css=&#8221;.vc_custom_1603731631619{margin-bottom: 0px !important;}&#8221;]\n<h4><a href=\"tel:4075693239\"><b>Call Now <\/b>(407) 569-3239<\/a><\/h4>\n[\/vc_column_text][\/vc_column][\/vc_row][vc_row fullwidth=&#8221;true&#8221; fullwidth_content=&#8221;false&#8221; visibility=&#8221;visible-sm&#8221; css=&#8221;.vc_custom_1574688029538{margin-top: 0px !important;margin-right: 0px !important;margin-left: 0px !important;border-top-width: 0px !important;border-right-width: 0px !important;border-bottom-width: 0px !important;border-left-width: 0px !important;padding-top: 0px !important;padding-right: 20px !important;padding-bottom: 10px !important;padding-left: 20px !important;background-color: #e6e6e6 !important;}&#8221; el_class=&#8221;sticky-toolbar&#8221;][vc_column][vc_widget_sidebar sidebar_id=&#8221;sidebar-17&#8243; el_class=&#8221;widget-top&#8221;][\/vc_column][\/vc_row][vc_row fullwidth=&#8221;true&#8221; css=&#8221;.vc_custom_1588794018336{padding-top: 0px !important;padding-bottom: 0px !important;background-image: url(\/wp-content\/uploads\/2019\/09\/fondoblanco.jpg?id=449) !important;background-position: center !important;background-repeat: no-repeat !important;background-size: cover !important;}&#8221;][vc_column css=&#8221;.vc_custom_1567803046848{padding-right: 80px !important;}&#8221;][vc_single_image image=&#8221;5&#8243; img_size=&#8221;full&#8221; alignment=&#8221;center&#8221;][\/vc_column][\/vc_row][vc_row equal_columns=&#8221;true&#8221; attached=&#8221;true&#8221;][vc_column][mk_fancy_title color=&#8221;#1b4290&#8243; size=&#8221;24&#8243; font_weight=&#8221;300&#8243; margin_bottom=&#8221;0&#8243; font_family=&#8221;none&#8221; align=&#8221;center&#8221;]Gracias por elegir Univista Insurance, ha ocurrido alg\u00fan problema al procesar su informaci\u00f3n. Por favor cont\u00e1ctenos a trav\u00e9s de <a href=\"tel:4075693239\">(407) 569-3239<\/a><\/p>\n<p><span style=\"color: #ff0000;\"><a style=\"color: #ff0000;\" href=\"http:\/\/www.univistainsuranceorlando.com\/es\/\">Regresar al formulario<\/a><\/span><\/p>\n<div id=\"gtx-trans\" style=\"position: absolute; left: -12px; top: 54px;\">\n<div class=\"gtx-trans-icon\"><\/div>\n<\/div>\n[\/mk_fancy_title][\/vc_column][\/vc_row][vc_row fullwidth=&#8221;true&#8221;][vc_column css=&#8221;.vc_custom_1584132672565{background-color: #203682 !important;}&#8221;][mk_custom_box][vc_column_text css=&#8221;.vc_custom_1604514682573{margin-bottom: 0px !important;}&#8221;]\n<p class=\"lead\" style=\"text-align: center;\"><span style=\"color: #ffffff; font-size: 20px;\">UniVista Insurance<\/span><br \/>\n<span style=\"color: #a7b8c7; font-size: 18px;\">\u00a1Ofrecemos el mejor seguro a los mejores precios!<\/span><\/p>\n[\/vc_column_text][\/mk_custom_box][\/vc_column][\/vc_row]\n<\/section>","protected":false},"excerpt":{"rendered":"<p>[vc_row fullwidth=&#8221;true&#8221; visibility=&#8221;visible-sm&#8221; css=&#8221;.vc_custom_1571685811393{background: #ffffff url(\/wp-content\/uploads\/2019\/10\/back-call-1.png?id=1351) !important;background-position: center !important;background-repeat: no-repeat !important;background-size: cover !important;}&#8221; el_class=&#8221;sticky&#8221;][vc_column css=&#8221;.vc_custom_1570797804053{padding-top: 20px !important;}&#8221;][vc_column_text disable_pattern=&#8221;false&#8221; css=&#8221;.vc_custom_1603731631619{margin-bottom: 0px !important;}&#8221;] Call Now (407) 569-3239 [\/vc_column_text][\/vc_column][\/vc_row][vc_row fullwidth=&#8221;true&#8221; fullwidth_content=&#8221;false&#8221; visibility=&#8221;visible-sm&#8221; css=&#8221;.vc_custom_1574688029538{margin-top: 0px !important;margin-right: 0px !important;margin-left: 0px !important;border-top-width: 0px !important;border-right-width: 0px !important;border-bottom-width: 0px !important;border-left-width: 0px !important;padding-top: 0px !important;padding-right: 20px !important;padding-bottom: 10px !important;padding-left: 20px !important;background-color: #e6e6e6 !important;}&#8221; el_class=&#8221;sticky-toolbar&#8221;][vc_column][vc_widget_sidebar [&hellip;]<\/p>\n","protected":false},"author":2,"featured_media":6562,"parent":0,"menu_order":0,"comment_status":"closed","ping_status":"closed","template":"","meta":{"footnotes":""},"class_list":["post-6756","page","type-page","status-publish","has-post-thumbnail","hentry"],"translation":{"provider":"WPGlobus","version":"3.0.2","language":"es","enabled_languages":["en","es"],"languages":{"en":{"title":true,"content":true,"excerpt":false},"es":{"title":true,"content":true,"excerpt":false}}},"yoast_head":"<!-- This site is optimized with the Yoast SEO Premium plugin v27.5 (Yoast SEO v27.5) - https:\/\/yoast.com\/product\/yoast-seo-premium-wordpress\/ -->\n<title>Obamacare Open Enrollment | UniVista Insurance Orlando<\/title>\n<meta name=\"robots\" content=\"index, follow, max-snippet:-1, max-image-preview:large, max-video-preview:-1\" \/>\n<link rel=\"canonical\" href=\"https:\/\/www.univistainsuranceorlando.com\/error-page\/\" \/>\n<meta property=\"og:locale\" content=\"es_ES\" \/>\n<meta property=\"og:type\" content=\"article\" \/>\n<meta property=\"og:title\" content=\"P\u00e1gina de Error | UniVista Insurance Orlando\" \/>\n<meta property=\"og:url\" content=\"https:\/\/www.univistainsuranceorlando.com\/error-page\/\" \/>\n<meta property=\"og:site_name\" content=\"UniVista Insurance Orlando\" \/>\n<meta property=\"article:publisher\" content=\"https:\/\/www.facebook.com\/UnivistaInsuranceOfficialPage\/\" \/>\n<meta property=\"article:modified_time\" content=\"2020-11-06T15:07:14+00:00\" \/>\n<meta property=\"og:image\" content=\"https:\/\/www.univistainsuranceorlando.com\/wp-content\/uploads\/2020\/10\/commercial-building.jpg\" \/>\n\t<meta property=\"og:image:width\" content=\"1177\" \/>\n\t<meta property=\"og:image:height\" content=\"857\" \/>\n\t<meta property=\"og:image:type\" content=\"image\/jpeg\" \/>\n<meta name=\"twitter:card\" content=\"summary_large_image\" \/>\n<meta name=\"twitter:site\" content=\"@UnivistaIns\" \/>\n<meta name=\"twitter:label1\" content=\"Est. reading time\" \/>\n\t<meta name=\"twitter:data1\" content=\"3 minutes\" \/>\n<script type=\"application\/ld+json\" class=\"yoast-schema-graph\">{\"@context\":\"https:\\\/\\\/schema.org\",\"@graph\":[{\"@type\":\"WebPage\",\"@id\":\"https:\\\/\\\/www.univistainsuranceorlando.com\\\/error-page\\\/\",\"url\":\"https:\\\/\\\/www.univistainsuranceorlando.com\\\/error-page\\\/\",\"name\":\"Obamacare Open Enrollment | UniVista Insurance Orlando\",\"isPartOf\":{\"@id\":\"https:\\\/\\\/www.univistainsuranceorlando.com\\\/#website\"},\"primaryImageOfPage\":{\"@id\":\"https:\\\/\\\/www.univistainsuranceorlando.com\\\/error-page\\\/#primaryimage\"},\"image\":{\"@id\":\"https:\\\/\\\/www.univistainsuranceorlando.com\\\/error-page\\\/#primaryimage\"},\"thumbnailUrl\":\"https:\\\/\\\/www.univistainsuranceorlando.com\\\/wp-content\\\/uploads\\\/2020\\\/10\\\/commercial-building.jpg\",\"datePublished\":\"2020-11-04T18:26:49+00:00\",\"dateModified\":\"2020-11-06T15:07:14+00:00\",\"description\":\"ObamaCare Open Enrollment is here. You can renovate your ObamaCare or find affordable health insurance coverage with UniVista Insurance.\",\"breadcrumb\":{\"@id\":\"https:\\\/\\\/www.univistainsuranceorlando.com\\\/error-page\\\/#breadcrumb\"},\"inLanguage\":\"es-ES\",\"potentialAction\":[{\"@type\":\"ReadAction\",\"target\":[\"https:\\\/\\\/www.univistainsuranceorlando.com\\\/error-page\\\/\"]}]},{\"@type\":\"ImageObject\",\"inLanguage\":\"es-ES\",\"@id\":\"https:\\\/\\\/www.univistainsuranceorlando.com\\\/error-page\\\/#primaryimage\",\"url\":\"https:\\\/\\\/www.univistainsuranceorlando.com\\\/wp-content\\\/uploads\\\/2020\\\/10\\\/commercial-building.jpg\",\"contentUrl\":\"https:\\\/\\\/www.univistainsuranceorlando.com\\\/wp-content\\\/uploads\\\/2020\\\/10\\\/commercial-building.jpg\",\"width\":1177,\"height\":857,\"caption\":\"Commercial Insurance\"},{\"@type\":\"BreadcrumbList\",\"@id\":\"https:\\\/\\\/www.univistainsuranceorlando.com\\\/error-page\\\/#breadcrumb\",\"itemListElement\":[{\"@type\":\"ListItem\",\"position\":1,\"name\":\"Home\",\"item\":\"https:\\\/\\\/www.univistainsuranceorlando.com\\\/\"},{\"@type\":\"ListItem\",\"position\":2,\"name\":\"Error Page\"}]},{\"@type\":\"WebSite\",\"@id\":\"https:\\\/\\\/www.univistainsuranceorlando.com\\\/#website\",\"url\":\"https:\\\/\\\/www.univistainsuranceorlando.com\\\/\",\"name\":\"UniVista Insurance Orlando\",\"description\":\"UniVista Insurance Orlando\",\"publisher\":{\"@id\":\"https:\\\/\\\/www.univistainsuranceorlando.com\\\/#organization\"},\"potentialAction\":[{\"@type\":\"SearchAction\",\"target\":{\"@type\":\"EntryPoint\",\"urlTemplate\":\"https:\\\/\\\/www.univistainsuranceorlando.com\\\/?s={search_term_string}\"},\"query-input\":{\"@type\":\"PropertyValueSpecification\",\"valueRequired\":true,\"valueName\":\"search_term_string\"}}],\"inLanguage\":\"es-ES\"},{\"@type\":\"Organization\",\"@id\":\"https:\\\/\\\/www.univistainsuranceorlando.com\\\/#organization\",\"name\":\"Univista Insurance\",\"url\":\"https:\\\/\\\/www.univistainsuranceorlando.com\\\/\",\"logo\":{\"@type\":\"ImageObject\",\"inLanguage\":\"es-ES\",\"@id\":\"https:\\\/\\\/www.univistainsuranceorlando.com\\\/#\\\/schema\\\/logo\\\/image\\\/\",\"url\":\"https:\\\/\\\/www.univistainsuranceorlando.com\\\/wp-content\\\/uploads\\\/2019\\\/08\\\/logo-univista.png\",\"contentUrl\":\"https:\\\/\\\/www.univistainsuranceorlando.com\\\/wp-content\\\/uploads\\\/2019\\\/08\\\/logo-univista.png\",\"width\":190,\"height\":50,\"caption\":\"Univista Insurance\"},\"image\":{\"@id\":\"https:\\\/\\\/www.univistainsuranceorlando.com\\\/#\\\/schema\\\/logo\\\/image\\\/\"},\"sameAs\":[\"https:\\\/\\\/www.facebook.com\\\/UnivistaInsuranceOfficialPage\\\/\",\"https:\\\/\\\/x.com\\\/UnivistaIns\",\"https:\\\/\\\/www.instagram.com\\\/univista.insurance\\\/\",\"https:\\\/\\\/www.linkedin.com\\\/company\\\/univista-insurance\",\"https:\\\/\\\/www.youtube.com\\\/univistainsuranceforall\"]}]}<\/script>\n<!-- \/ Yoast SEO Premium plugin. -->","yoast_head_json":{"title":"Obamacare Open Enrollment | UniVista Insurance Orlando","robots":{"index":"index","follow":"follow","max-snippet":"max-snippet:-1","max-image-preview":"max-image-preview:large","max-video-preview":"max-video-preview:-1"},"canonical":"https:\/\/www.univistainsuranceorlando.com\/error-page\/","og_locale":"es_ES","og_type":"article","og_title":"P\u00e1gina de Error | UniVista Insurance Orlando","og_url":"https:\/\/www.univistainsuranceorlando.com\/error-page\/","og_site_name":"UniVista Insurance Orlando","article_publisher":"https:\/\/www.facebook.com\/UnivistaInsuranceOfficialPage\/","article_modified_time":"2020-11-06T15:07:14+00:00","og_image":[{"width":1177,"height":857,"url":"https:\/\/www.univistainsuranceorlando.com\/wp-content\/uploads\/2020\/10\/commercial-building.jpg","type":"image\/jpeg"}],"twitter_card":"summary_large_image","twitter_site":"@UnivistaIns","twitter_misc":{"Est. reading time":"3 minutes"},"schema":{"@context":"https:\/\/schema.org","@graph":[{"@type":"WebPage","@id":"https:\/\/www.univistainsuranceorlando.com\/error-page\/","url":"https:\/\/www.univistainsuranceorlando.com\/error-page\/","name":"Obamacare Open Enrollment | UniVista Insurance Orlando","isPartOf":{"@id":"https:\/\/www.univistainsuranceorlando.com\/#website"},"primaryImageOfPage":{"@id":"https:\/\/www.univistainsuranceorlando.com\/error-page\/#primaryimage"},"image":{"@id":"https:\/\/www.univistainsuranceorlando.com\/error-page\/#primaryimage"},"thumbnailUrl":"https:\/\/www.univistainsuranceorlando.com\/wp-content\/uploads\/2020\/10\/commercial-building.jpg","datePublished":"2020-11-04T18:26:49+00:00","dateModified":"2020-11-06T15:07:14+00:00","description":"ObamaCare Open Enrollment is here. You can renovate your ObamaCare or find affordable health insurance coverage with UniVista Insurance.","breadcrumb":{"@id":"https:\/\/www.univistainsuranceorlando.com\/error-page\/#breadcrumb"},"inLanguage":"es-ES","potentialAction":[{"@type":"ReadAction","target":["https:\/\/www.univistainsuranceorlando.com\/error-page\/"]}]},{"@type":"ImageObject","inLanguage":"es-ES","@id":"https:\/\/www.univistainsuranceorlando.com\/error-page\/#primaryimage","url":"https:\/\/www.univistainsuranceorlando.com\/wp-content\/uploads\/2020\/10\/commercial-building.jpg","contentUrl":"https:\/\/www.univistainsuranceorlando.com\/wp-content\/uploads\/2020\/10\/commercial-building.jpg","width":1177,"height":857,"caption":"Commercial Insurance"},{"@type":"BreadcrumbList","@id":"https:\/\/www.univistainsuranceorlando.com\/error-page\/#breadcrumb","itemListElement":[{"@type":"ListItem","position":1,"name":"Home","item":"https:\/\/www.univistainsuranceorlando.com\/"},{"@type":"ListItem","position":2,"name":"Error Page"}]},{"@type":"WebSite","@id":"https:\/\/www.univistainsuranceorlando.com\/#website","url":"https:\/\/www.univistainsuranceorlando.com\/","name":"UniVista Insurance Orlando","description":"UniVista Insurance Orlando","publisher":{"@id":"https:\/\/www.univistainsuranceorlando.com\/#organization"},"potentialAction":[{"@type":"SearchAction","target":{"@type":"EntryPoint","urlTemplate":"https:\/\/www.univistainsuranceorlando.com\/?s={search_term_string}"},"query-input":{"@type":"PropertyValueSpecification","valueRequired":true,"valueName":"search_term_string"}}],"inLanguage":"es-ES"},{"@type":"Organization","@id":"https:\/\/www.univistainsuranceorlando.com\/#organization","name":"Univista Insurance","url":"https:\/\/www.univistainsuranceorlando.com\/","logo":{"@type":"ImageObject","inLanguage":"es-ES","@id":"https:\/\/www.univistainsuranceorlando.com\/#\/schema\/logo\/image\/","url":"https:\/\/www.univistainsuranceorlando.com\/wp-content\/uploads\/2019\/08\/logo-univista.png","contentUrl":"https:\/\/www.univistainsuranceorlando.com\/wp-content\/uploads\/2019\/08\/logo-univista.png","width":190,"height":50,"caption":"Univista Insurance"},"image":{"@id":"https:\/\/www.univistainsuranceorlando.com\/#\/schema\/logo\/image\/"},"sameAs":["https:\/\/www.facebook.com\/UnivistaInsuranceOfficialPage\/","https:\/\/x.com\/UnivistaIns","https:\/\/www.instagram.com\/univista.insurance\/","https:\/\/www.linkedin.com\/company\/univista-insurance","https:\/\/www.youtube.com\/univistainsuranceforall"]}]}},"_links":{"self":[{"href":"https:\/\/www.univistainsuranceorlando.com\/es\/wp-json\/wp\/v2\/pages\/6756","targetHints":{"allow":["GET"]}}],"collection":[{"href":"https:\/\/www.univistainsuranceorlando.com\/es\/wp-json\/wp\/v2\/pages"}],"about":[{"href":"https:\/\/www.univistainsuranceorlando.com\/es\/wp-json\/wp\/v2\/types\/page"}],"author":[{"embeddable":true,"href":"https:\/\/www.univistainsuranceorlando.com\/es\/wp-json\/wp\/v2\/users\/2"}],"replies":[{"embeddable":true,"href":"https:\/\/www.univistainsuranceorlando.com\/es\/wp-json\/wp\/v2\/comments?post=6756"}],"version-history":[{"count":5,"href":"https:\/\/www.univistainsuranceorlando.com\/es\/wp-json\/wp\/v2\/pages\/6756\/revisions"}],"predecessor-version":[{"id":6819,"href":"https:\/\/www.univistainsuranceorlando.com\/es\/wp-json\/wp\/v2\/pages\/6756\/revisions\/6819"}],"wp:featuredmedia":[{"embeddable":true,"href":"https:\/\/www.univistainsuranceorlando.com\/es\/wp-json\/wp\/v2\/media\/6562"}],"wp:attachment":[{"href":"https:\/\/www.univistainsuranceorlando.com\/es\/wp-json\/wp\/v2\/media?parent=6756"}],"curies":[{"name":"wp","href":"https:\/\/api.w.org\/{rel}","templated":true}]}}